{"id":17,"date":"2021-12-29T12:24:25","date_gmt":"2021-12-29T11:24:25","guid":{"rendered":"https:\/\/anselmeco.com\/?product=hoodie-with-logo"},"modified":"2023-11-27T10:41:37","modified_gmt":"2023-11-27T09:41:37","slug":"coffret-degustation-champagne","status":"publish","type":"product","link":"https:\/\/anselmeco.com\/en\/produit\/coffret-degustation-champagne\/","title":{"rendered":"Coffret-Jeu degustation 3 Champagnes"},"content":{"rendered":"<p>Ce coffret ne n\u00e9cessite aucune connaissance pr\u00e9alable sur le Champagne.<\/p>\n<p>Pour offrir seul ou \u00e0 plusieurs, ce coffret-jeu contenant 3 Champagnes est id\u00e9al pour tout \u00e9v\u00e9nement comme un anniversaire, no\u00ebl, le d\u00e9part de coll\u00e8gue, une soir\u00e9e entre amis&#8230;<\/p>\n<p><strong>Nombre de joueurs :<\/strong> jusqu&#8217;\u00e0 6 joueurs<br \/>\n<strong>Dur\u00e9e du jeu:<\/strong>\u00a0Environ 60 minutes<br \/>\n<strong>Dur\u00e9e de pr\u00e9paration:<\/strong> 20 minutes de lecture des r\u00e8gles du jeu et id\u00e9alement 2 heures de mise au frais des bouteilles.<\/p>\n<p>Les photos et vid\u00e9os sont <strong>non contractuelles<\/strong>. Les visuels du coffret et des Champagnes peuvent diff\u00e9rer de ce qui est pr\u00e9sent\u00e9 sur cette page.<\/p>\n<p><strong>QUELQUES CONSEILS SUR LE JEU:<\/strong><\/p>\n<p>Les verres ne sont pas inclus dans le coffret. Pr\u00e9voir 3 verres par participant afin de pouvoir comparer les 3 Champagnes facilement.<\/p>\n<p>Les bouteilles doivent \u00eatre entre 9 et 12 degr\u00e9s pour que la d\u00e9gustation soit optimale. Les thermom\u00e8tres pos\u00e9s sur chaque bouteille vous permettent de contr\u00f4ler la temp\u00e9rature de vos bouteilles.<\/p>\n<p><strong><br \/>\nCONTENU DU COFFRET:<\/strong><\/p>\n<ul>\n<li>1 bouteille de Champagne 100% Chardonnay haut de gamme<\/li>\n<li>1 bouteille de Champagne 100 pinot noir haut de gamme<\/li>\n<li>1 bouteille de Champagne 100% pinot-meunier haut de gamme<\/li>\n<li>3 thermom\u00e8tres \u00e0 bouteille pour contr\u00f4ler la temp\u00e9rature de vos bouteilles (d\u00e9j\u00e0 pos\u00e9s sur la bouteille)<\/li>\n<li>1 sachet contenant un jeu de 42 cartes (7 cartes par d\u00e9gustateur)<\/li>\n<li>1 livret de jeu contenant les R\u00e8gles du jeu et les instructions pour le ma\u00eetre du jeu.<\/li>\n<li>1 d\u00e9pliant &#8220;Solutions du jeu&#8221;<\/li>\n<\/ul>\n<p>Dimension emballage \u00e0 l&#8217;exp\u00e9dition: 41cm x 31cm x 15cm<br \/>\nPoids total \u00e0 l&#8217;expedition : 7kg<\/p>\n<p>&nbsp;<\/p>\n<p style=\"text-align: center;\"><strong>LE COFFRET EN VID\u00c9O<\/strong><\/p>\n<div style=\"width: 480px;\" class=\"wp-video\"><video class=\"wp-video-shortcode\" id=\"video-17-1\" width=\"480\" height=\"848\" preload=\"metadata\" controls=\"controls\"><source type=\"video\/mp4\" src=\"https:\/\/anselmeco.com\/wp-content\/uploads\/2021\/12\/v1_video_product_2022_06.mp4?_=1\" \/><a href=\"https:\/\/anselmeco.com\/wp-content\/uploads\/2021\/12\/v1_video_product_2022_06.mp4\">https:\/\/anselmeco.com\/wp-content\/uploads\/2021\/12\/v1_video_product_2022_06.mp4<\/a><\/video><\/div>\n","protected":false},"excerpt":{"rendered":"<p>Faites plaisir et faites vous plaisir en lui offrant un cadeau d&#8217;exception.<\/p>\n<p>\u00c0 destination des d\u00e9butants ou des initi\u00e9s, ce coffret permet jusqu&#8217;\u00e0 6 d\u00e9gustateurs de jouer et d\u00e9couvrir 3 Champagnes sp\u00e9cifiquement s\u00e9lectionn\u00e9s.<\/p>\n<p>Le jeu consiste \u00e0 associer les bonnes d\u00e9finitions au bon Champagne en d\u00e9gustant chacun d&#8217;eux.<\/p>\n<p>\u00c0 la fin du jeu, chacun saura quel champagne il pr\u00e9f\u00e8re et pourra l&#8217;expliquer avec des mots du langage Champagne.<\/p>\n<p>Avec ce coffret-jeu vous avez la garantie d&#8217;un moment unique et convivial, partag\u00e9 entre amis ou en famille.<\/p>\n<p>Attention, les photos et vid\u00e9os sont <strong>non contractuelles. <\/strong>Les visuels du coffret et des Champagnes peuvent diff\u00e9rer de ce qui est pr\u00e9sent\u00e9 sur cette page.<\/p>\n<p>&nbsp;<\/p>\n","protected":false},"featured_media":284,"template":"","meta":{"_et_pb_use_builder":"","_et_pb_old_content":"","_et_gb_content_width":""},"product_cat":[15],"product_tag":[],"class_list":{"0":"post-17","1":"product","2":"type-product","3":"status-publish","4":"has-post-thumbnail","6":"product_cat-uncategorized","8":"first","9":"instock","10":"taxable","11":"shipping-taxable","12":"purchasable","13":"product-type-simple"},"_links":{"self":[{"href":"https:\/\/anselmeco.com\/en\/wp-json\/wp\/v2\/product\/17","targetHints":{"allow":["GET"]}}],"collection":[{"href":"https:\/\/anselmeco.com\/en\/wp-json\/wp\/v2\/product"}],"about":[{"href":"https:\/\/anselmeco.com\/en\/wp-json\/wp\/v2\/types\/product"}],"wp:featuredmedia":[{"embeddable":true,"href":"https:\/\/anselmeco.com\/en\/wp-json\/wp\/v2\/media\/284"}],"wp:attachment":[{"href":"https:\/\/anselmeco.com\/en\/wp-json\/wp\/v2\/media?parent=17"}],"wp:term":[{"taxonomy":"product_cat","embeddable":true,"href":"https:\/\/anselmeco.com\/en\/wp-json\/wp\/v2\/product_cat?post=17"},{"taxonomy":"product_tag","embeddable":true,"href":"https:\/\/anselmeco.com\/en\/wp-json\/wp\/v2\/product_tag?post=17"}],"curies":[{"name":"wp","href":"https:\/\/api.w.org\/{rel}","templated":true}]}}